{"id":15,"date":"2025-06-16T14:59:07","date_gmt":"2025-06-16T14:59:07","guid":{"rendered":"https:\/\/arceyvargas.app\/?page_id=15"},"modified":"2025-06-16T14:59:07","modified_gmt":"2025-06-16T14:59:07","slug":"password-reset","status":"publish","type":"page","link":"https:\/\/3mtaller.arceyvargas.app\/?page_id=15","title":{"rendered":"Restablecer la contrase\u00f1a"},"content":{"rendered":"<div class=\"um um-password um-um_password_id\">\n\t<div class=\"um-form\">\n\t\t<form method=\"post\" action=\"\">\n\t\t\t\n\t\t\t\t<input type=\"hidden\" name=\"_um_password_reset\" id=\"_um_password_reset\" value=\"1\" \/>\n\n\t\t\t\t\t\t\t\t\t<div class=\"um-field um-field-block um-field-type_block\">\n\t\t\t\t\t\t<div class=\"um-field-block\">\n\t\t\t\t\t\t\t<div style=\"text-align:center;\">\n\t\t\t\t\t\t\t\tPara restablecer tu contrase\u00f1a, por favor, introduce a continuaci\u00f3n tu direcci\u00f3n de correo electr\u00f3nico o nombre de usuario.\t\t\t\t\t\t\t<\/div>\n\t\t\t\t\t\t<\/div>\n\t\t\t\t\t<\/div>\n\t\t\t\t\t<div  id=\"um_field_0_username_b\" class=\"um-field um-field-text  um-field-username_b um-field-text um-field-type_text\" data-key=\"username_b\"><div class=\"um-field-area\"><input  autocomplete=\"off\" class=\"um-form-field valid \" type=\"text\" name=\"username_b\" id=\"username_b\" value=\"\" placeholder=\"Introduce tu nombre de usuario o correo electr\u00f3nico\" data-validate=\"\" data-key=\"username_b\"  aria-invalid=\"false\" \/>\n\n\t\t\t\t\t\t<\/div><\/div>\t\t\t\t<div class=\"um-col-alt um-col-alt-b\">\n\t\t\t\t\t<div class=\"um-center\">\n\t\t\t\t\t\t<input type=\"submit\" value=\"Restablecer contrase\u00f1a\" class=\"um-button\" id=\"um-submit-btn\" \/>\n\t\t\t\t\t<\/div>\n\t\t\t\t\t<div class=\"um-clear\"><\/div>\n\t\t\t\t<\/div>\n\t\t\t\t\t<input type=\"hidden\" name=\"form_id\" id=\"form_id_um_password_id\" value=\"um_password_id\" \/>\n\t\t<p class=\"um_request_name\">\n\t\t<label for=\"um_request_um_password_id\">Only fill in if you are not human<\/label>\n\t\t<input type=\"hidden\" name=\"um_request\" id=\"um_request_um_password_id\" class=\"input\" value=\"\" size=\"25\" autocomplete=\"off\" \/>\n\t<\/p>\n\t\t\t<\/form>\n\t<\/div>\n<\/div>\n<style>\n\t\t\t.um-um_password_id.um {\n\t\t\tmax-width: 450px;\n\t\t}\n\t\t<\/style>\n\n","protected":false},"excerpt":{"rendered":"","protected":false},"author":1,"featured_media":0,"parent":0,"menu_order":0,"comment_status":"closed","ping_status":"closed","template":"","meta":{"footnotes":""},"class_list":["post-15","page","type-page","status-publish","hentry"],"yoast_head":"<!-- This site is optimized with the Yoast SEO plugin v26.9 - https:\/\/yoast.com\/product\/yoast-seo-wordpress\/ -->\n<title>Restablecer la contrase\u00f1a - Reporte 3M<\/title>\n<meta name=\"robots\" content=\"noindex, follow, max-snippet:-1, max-image-preview:large, max-video-preview:-1\" \/>\n<meta property=\"og:locale\" content=\"es_ES\" \/>\n<meta property=\"og:type\" content=\"article\" \/>\n<meta property=\"og:title\" content=\"Restablecer la contrase\u00f1a - Reporte 3M\" \/>\n<meta property=\"og:url\" content=\"https:\/\/3mtaller.arceyvargas.app\/?page_id=15\" \/>\n<meta property=\"og:site_name\" content=\"Reporte 3M\" \/>\n<meta name=\"twitter:card\" content=\"summary_large_image\" \/>\n<script type=\"application\/ld+json\" class=\"yoast-schema-graph\">{\"@context\":\"https:\/\/schema.org\",\"@graph\":[{\"@type\":\"WebPage\",\"@id\":\"https:\/\/3mtaller.arceyvargas.app\/?page_id=15\",\"url\":\"https:\/\/3mtaller.arceyvargas.app\/?page_id=15\",\"name\":\"Restablecer la contrase\u00f1a - Reporte 3M\",\"isPartOf\":{\"@id\":\"https:\/\/3mtaller.arceyvargas.app\/#website\"},\"datePublished\":\"2025-06-16T14:59:07+00:00\",\"breadcrumb\":{\"@id\":\"https:\/\/3mtaller.arceyvargas.app\/?page_id=15#breadcrumb\"},\"inLanguage\":\"es\",\"potentialAction\":[{\"@type\":\"ReadAction\",\"target\":[\"https:\/\/3mtaller.arceyvargas.app\/?page_id=15\"]}]},{\"@type\":\"BreadcrumbList\",\"@id\":\"https:\/\/3mtaller.arceyvargas.app\/?page_id=15#breadcrumb\",\"itemListElement\":[{\"@type\":\"ListItem\",\"position\":1,\"name\":\"Portada\",\"item\":\"https:\/\/3mtaller.arceyvargas.app\/\"},{\"@type\":\"ListItem\",\"position\":2,\"name\":\"Restablecer la contrase\u00f1a\"}]},{\"@type\":\"WebSite\",\"@id\":\"https:\/\/3mtaller.arceyvargas.app\/#website\",\"url\":\"https:\/\/3mtaller.arceyvargas.app\/\",\"name\":\"Reporte 3M\",\"description\":\"Mantenimiento Industrial\",\"publisher\":{\"@id\":\"https:\/\/3mtaller.arceyvargas.app\/#organization\"},\"potentialAction\":[{\"@type\":\"SearchAction\",\"target\":{\"@type\":\"EntryPoint\",\"urlTemplate\":\"https:\/\/3mtaller.arceyvargas.app\/?s={search_term_string}\"},\"query-input\":{\"@type\":\"PropertyValueSpecification\",\"valueRequired\":true,\"valueName\":\"search_term_string\"}}],\"inLanguage\":\"es\"},{\"@type\":\"Organization\",\"@id\":\"https:\/\/3mtaller.arceyvargas.app\/#organization\",\"name\":\"Reporte 3M\",\"url\":\"https:\/\/3mtaller.arceyvargas.app\/\",\"logo\":{\"@type\":\"ImageObject\",\"inLanguage\":\"es\",\"@id\":\"https:\/\/3mtaller.arceyvargas.app\/#\/schema\/logo\/image\/\",\"url\":\"https:\/\/3mtaller.arceyvargas.app\/wp-content\/uploads\/2025\/06\/solo-lodo-ayv.png\",\"contentUrl\":\"https:\/\/3mtaller.arceyvargas.app\/wp-content\/uploads\/2025\/06\/solo-lodo-ayv.png\",\"width\":1355,\"height\":907,\"caption\":\"Reporte 3M\"},\"image\":{\"@id\":\"https:\/\/3mtaller.arceyvargas.app\/#\/schema\/logo\/image\/\"}}]}<\/script>\n<!-- \/ Yoast SEO plugin. -->","yoast_head_json":{"title":"Restablecer la contrase\u00f1a - Reporte 3M","robots":{"index":"noindex","follow":"follow","max-snippet":"max-snippet:-1","max-image-preview":"max-image-preview:large","max-video-preview":"max-video-preview:-1"},"og_locale":"es_ES","og_type":"article","og_title":"Restablecer la contrase\u00f1a - Reporte 3M","og_url":"https:\/\/3mtaller.arceyvargas.app\/?page_id=15","og_site_name":"Reporte 3M","twitter_card":"summary_large_image","schema":{"@context":"https:\/\/schema.org","@graph":[{"@type":"WebPage","@id":"https:\/\/3mtaller.arceyvargas.app\/?page_id=15","url":"https:\/\/3mtaller.arceyvargas.app\/?page_id=15","name":"Restablecer la contrase\u00f1a - Reporte 3M","isPartOf":{"@id":"https:\/\/3mtaller.arceyvargas.app\/#website"},"datePublished":"2025-06-16T14:59:07+00:00","breadcrumb":{"@id":"https:\/\/3mtaller.arceyvargas.app\/?page_id=15#breadcrumb"},"inLanguage":"es","potentialAction":[{"@type":"ReadAction","target":["https:\/\/3mtaller.arceyvargas.app\/?page_id=15"]}]},{"@type":"BreadcrumbList","@id":"https:\/\/3mtaller.arceyvargas.app\/?page_id=15#breadcrumb","itemListElement":[{"@type":"ListItem","position":1,"name":"Portada","item":"https:\/\/3mtaller.arceyvargas.app\/"},{"@type":"ListItem","position":2,"name":"Restablecer la contrase\u00f1a"}]},{"@type":"WebSite","@id":"https:\/\/3mtaller.arceyvargas.app\/#website","url":"https:\/\/3mtaller.arceyvargas.app\/","name":"Reporte 3M","description":"Mantenimiento Industrial","publisher":{"@id":"https:\/\/3mtaller.arceyvargas.app\/#organization"},"potentialAction":[{"@type":"SearchAction","target":{"@type":"EntryPoint","urlTemplate":"https:\/\/3mtaller.arceyvargas.app\/?s={search_term_string}"},"query-input":{"@type":"PropertyValueSpecification","valueRequired":true,"valueName":"search_term_string"}}],"inLanguage":"es"},{"@type":"Organization","@id":"https:\/\/3mtaller.arceyvargas.app\/#organization","name":"Reporte 3M","url":"https:\/\/3mtaller.arceyvargas.app\/","logo":{"@type":"ImageObject","inLanguage":"es","@id":"https:\/\/3mtaller.arceyvargas.app\/#\/schema\/logo\/image\/","url":"https:\/\/3mtaller.arceyvargas.app\/wp-content\/uploads\/2025\/06\/solo-lodo-ayv.png","contentUrl":"https:\/\/3mtaller.arceyvargas.app\/wp-content\/uploads\/2025\/06\/solo-lodo-ayv.png","width":1355,"height":907,"caption":"Reporte 3M"},"image":{"@id":"https:\/\/3mtaller.arceyvargas.app\/#\/schema\/logo\/image\/"}}]}},"_links":{"self":[{"href":"https:\/\/3mtaller.arceyvargas.app\/index.php?rest_route=\/wp\/v2\/pages\/15","targetHints":{"allow":["GET"]}}],"collection":[{"href":"https:\/\/3mtaller.arceyvargas.app\/index.php?rest_route=\/wp\/v2\/pages"}],"about":[{"href":"https:\/\/3mtaller.arceyvargas.app\/index.php?rest_route=\/wp\/v2\/types\/page"}],"author":[{"embeddable":true,"href":"https:\/\/3mtaller.arceyvargas.app\/index.php?rest_route=\/wp\/v2\/users\/1"}],"replies":[{"embeddable":true,"href":"https:\/\/3mtaller.arceyvargas.app\/index.php?rest_route=%2Fwp%2Fv2%2Fcomments&post=15"}],"version-history":[{"count":0,"href":"https:\/\/3mtaller.arceyvargas.app\/index.php?rest_route=\/wp\/v2\/pages\/15\/revisions"}],"wp:attachment":[{"href":"https:\/\/3mtaller.arceyvargas.app\/index.php?rest_route=%2Fwp%2Fv2%2Fmedia&parent=15"}],"curies":[{"name":"wp","href":"https:\/\/api.w.org\/{rel}","templated":true}]}}